{"id":3997,"date":"2025-01-13T14:51:22","date_gmt":"2025-01-13T14:51:22","guid":{"rendered":"https:\/\/compagniakha.it\/tivitavi\/"},"modified":"2025-10-14T16:42:18","modified_gmt":"2025-10-14T16:42:18","slug":"tivitavi","status":"publish","type":"page","link":"https:\/\/compagniakha.it\/en\/tivitavi\/","title":{"rendered":"Tivitavi"},"content":{"rendered":"\n<div class=\"wp-block-buttons is-content-justification-right is-layout-flex wp-container-core-buttons-is-layout-765c4724 wp-block-buttons-is-layout-flex\">\n<div class=\"wp-block-button\"><a class=\"wp-block-button__link wp-element-button\" href=\"#curriculum\">CV \u2193<\/a><\/div>\n<\/div>\n\n<p>Sound artist, painter, sound massage therapist, and yoga teacher. Sound, body, and image are the fundamental elements of his artistic and spiritual research. He lives and works in Milan. During his childhood, he had his first experiences with music education and creativity; as a teenager, he continued his studies in classical piano.<\/p>\n\n<figure class=\"wp-block-image size-full\"><img loading=\"lazy\" decoding=\"async\" width=\"1000\" height=\"1000\" src=\"https:\/\/compagniakha.it\/wp-content\/uploads\/2025\/10\/Foto-Tivitavi.jpg\" alt=\"\" class=\"wp-image-3978\" srcset=\"https:\/\/compagniakha.it\/wp-content\/uploads\/2025\/10\/Foto-Tivitavi.jpg 1000w, https:\/\/compagniakha.it\/wp-content\/uploads\/2025\/10\/Foto-Tivitavi-300x300.jpg 300w, https:\/\/compagniakha.it\/wp-content\/uploads\/2025\/10\/Foto-Tivitavi-150x150.jpg 150w, https:\/\/compagniakha.it\/wp-content\/uploads\/2025\/10\/Foto-Tivitavi-768x768.jpg 768w\" sizes=\"auto, (max-width: 1000px) 100vw, 1000px\" \/><\/figure>\n\n<p>Between 1985 and 1987, he studied modern dance in Turin with Carla Perotti and Susanna Egri and in Florence with Simona Bucci, while performing civil service at the Teatro di Rifredi in Scandicci (Florence), one of the leading centers for experimental theater in Italy at the time. Working in the theater, he had the opportunity to come into contact with some of the major Italian and international theater and dance theater companies, including Sosta Palmizi, Teatro Valdoca, Santagata and Morganti, Odin Teatret, and Virgilio Sieni.<\/p>\n\n<p>In <strong>1991<\/strong>, he graduated with honors in painting from the <strong>Accademia Albertina in Turin<\/strong>, with a thesis on the history of screenwriting, supervised by Prof. Andrea Balzola. During these years, he was mainly interested in cinema, painting, and dance. Among his teachers, Maestro Gino Gorza was a key figure.<\/p>\n\n<p>During the same period, he began to take an interest in Eastern cultures, yoga, Zen meditation, and Native American spirituality.<\/p>\n\n<p>In <strong>1991<\/strong>, he met Maestro Gio&#8217; Fronti, founder of <strong>Hara Yoga<\/strong>, shiatsu therapist, and setsu shin, with whom he began a journey of personal growth that would profoundly influence his art.<\/p>\n\n<p>On the path of yoga, he encountered sound as a form of healing through mantras, chants, and percussion accompanying the practices. In 1994, he became a Hara Yoga teacher, developing his research on the relationship between the body and creativity, initially through painting and later through voice and sound.<\/p>\n\n<p>He moved to Milan, where, together with other artists, he founded the association \u201cAnamani\u201d (hands of the earth), a research project aimed at understanding and rediscovering <strong>shamanic and tribal cultures<\/strong>. He undertook several study trips that led him to encounter different cultures and ethnic groups. He studied the <strong>Didjeridoo<\/strong> with Phil Drummy and Djalu Gurruwiwi in Arnhem Land, the territory of the Yolngu, Australian aborigines. He was invited by Norman Tulley, a Navajo from Arizona, to live for a month on their reservation, and later, thanks to Mari Boine, he met the Sami people of Norwegian Lapland. With the Italia-Tuva association, he was one of the first Westerners to enter Tuva, Russian Mongolia. During these trips, he learned many musical skills, both instrumental and vocal, but above all, he encountered different worlds and cultures. He began a personal journey of research into the voice, starting with <strong>Harmonic singing<\/strong> with Saynko Namcylak (Tuva singing), Mari Boine (Lapp singing), and Amelia Cuni (Drhupad singing), continuing with Francesca Gualandri (Pneumaphony, founded by Serge Wilfart) and Mauro Tiberi (harmonic and ritual singing). He studied Scottish bagpipes with Lorenzo Galantini, African percussion with Lorenzo Gasperoni, and Sicilian tammorra with Massimo Laguardia, founder of Agricantus.<\/p>\n\n<p>In <strong>2000<\/strong>, he coordinated a group of 50 volunteers with whom he built the Hara Yoga dojo, the home of practice, where for a decade lessons, seminars, and meetings for human evolution took place. Among these, from 2000 to 2010, he followed a therapeutic and inner growth path with Cristobal Jodorowsky. seminars, and meetings for human evolution took place for a decade. Among these, from 2000 to 2010, he followed a therapeutic and inner growth path of <strong>Psychogenealogy<\/strong> with Cristobal Jodorowsky, which led him to come into contact with Mexican shamanism. A few years later, he began to assist with music in the rituals of Psycho-shamanism and some of Cristobal Jodorowsky\u2019s workshops.<\/p>\n\n<p>In <strong>2001<\/strong>, he began a four-year training course in <strong>Art Therapy<\/strong> at the Edith Kramer School in Turin, directed by Elizabeth Stone in collaboration with New York University, and at the Risvegli School in Milan. During his internship, he came into contact with the world of the deaf and became a communication assistant for two years, an intense experience in the world of \u201cnon-sounds\u201d and non-verbal communication through sign language.<\/p>\n\n<p>He collaborated as a Hara Yoga teacher with the Mus-e association, founded by violinist Yehudi Menuhin to introduce art into European schools as a means of preventing intolerance and promoting peace education.<\/p>\n\n<p>In <strong>2005<\/strong>, together with his life partner Kea Tonetti, he created <strong>Spazio Continuum<\/strong>, a place where art and therapy meet, a place where the cathartic and ritualistic elements of the creative act come to life. He began accompanying Butoh and <strong>Sensitive Dance\u00ae<\/strong> performances and seminars with his live music.<\/p>\n\n<p>In <strong>2008<\/strong>, he met Albert Rabenstein, with whom he trained in <strong>Sound Massage<\/strong> according to the teachings of the Centro de Terapia de Sonido y Estudios Armonicos in Buenos Aires. He began holding evenings of group \u201charmonization\u201d in Italy and abroad: sound baths with Tibetan bowls, other harmonic instruments, and voice, which he called <strong>\u201cMandala Sonoro\u201d<\/strong>.<\/p>\n\n<p>A collaboration began with Claude Coldy, founder of Sensitive Dance\u00ae, to accompany some of his seminars live with Tibetan and crystal bells. During the same period, he completed training with Maestro Gio\u2019 Fronti in \u201cShin Ki Ren,\u201d a practice of energy rebalancing through breathing, visualization of light, and hand contact. In the same year, together with Kea Tonetti, he founded <strong>CompagniaKha<\/strong>, which brings together many life and travel experiences in dance and sound research. This collaboration also became a method of creating and constructing performances, where dance and music influence each other. <\/p>\n\n<p>In <strong>2011<\/strong>, he completed the one-year training course of <strong>Nada Yoga<\/strong>, yoga of sound, with Riccardo Misto in Padua.<\/p>\n\n<p>Between <strong>2012<\/strong> and <strong>2013<\/strong>, he held art therapy and creativity workshops at San Vittore prison, Milan. Over the years, he has collaborated with various musicians and artists, including Lorenzo Sanguedolce (NYC), Carlo Garofalo, Davide Livornese, Fabio Malizia from \u201cOrbe,\u201d Lorenzo Pierobon and Henten Hitti (Festival Ville e Castella, 2010), Antoine Levi Cic\u00e9ron (Rosenhof Festival, 2009), and Hiroko Komiya.<\/p>\n\n<p>In <strong>2013<\/strong>, he recorded the album <strong>Suono Naturale<\/strong> at Artefacts Mastering in Berlin, featuring harmonic Tibetan bells, vocals, and didjeridoo.&#13;\n<\/p>\n\n<p>In <strong>2022<\/strong>, he collaborated on the soundtrack for Pietro Bonfanti&#8217;s documentary film <em>Fato Profugus<\/em>. <\/p>\n\n<p>He currently teaches weekly sound yoga classes and collaborates with Kea Tonetti on the organization and promotion of dance, voice, Tibetan bowl, and didjeridoo performances and workshop in Italy and abroad, both in studio and in nature.<\/p>\n\n<figure class=\"wp-block-image size-large\"><img loading=\"lazy\" decoding=\"async\" width=\"1024\" height=\"320\" src=\"https:\/\/compagniakha.it\/wp-content\/uploads\/2025\/10\/Banner-TT-1024x320.jpg\" alt=\"\" class=\"wp-image-4002\" srcset=\"https:\/\/compagniakha.it\/wp-content\/uploads\/2025\/10\/Banner-TT-1024x320.jpg 1024w, https:\/\/compagniakha.it\/wp-content\/uploads\/2025\/10\/Banner-TT-300x94.jpg 300w, https:\/\/compagniakha.it\/wp-content\/uploads\/2025\/10\/Banner-TT-768x240.jpg 768w, https:\/\/compagniakha.it\/wp-content\/uploads\/2025\/10\/Banner-TT-1536x480.jpg 1536w, https:\/\/compagniakha.it\/wp-content\/uploads\/2025\/10\/Banner-TT.jpg 1920w\" sizes=\"auto, (max-width: 1024px) 100vw, 1024px\" \/><\/figure>\n\n<h2 class=\"wp-block-heading\" id=\"curriculum\">EXHIBITIONS, EVENTS, PERFORMANCES<\/h2>\n\n<p>2024 \u2013 <strong><em>Straftellers<\/em><\/strong>, live music for the literature reading with Ottavio Tonti, Straf Hotel, Milan.<\/p>\n\n<p>2024 \u2013 <strong><em>Being Humans<\/em><\/strong>, live music for the Butoh performance by Kea Tonetti, with Kea Tonetti, Mariagiulia Leuzzi, Puer Purpura, \u0160ama\u0161 Sarmiento, Spazio Continuum, Milan.<\/p>\n\n<p>2023 \u2013 <strong><em>Elettra<\/em><\/strong>, live music for the performance by Kea Tonetti dedicated to violence against women, inspired by the poetry of Donatella Bisutti, with readings by Sonia Grandis, presented at: International Poetry Festival \u201cParole Spalancate,\u201d Palazzo Ducale, Genoa (2023); Casa della Poesia di Monza, Reggia di Monza (2024).<\/p>\n\n<p>2023 \u2013 <strong><em>Butoh Experience<\/em><\/strong>, live music for the Butoh dance improvisation by Kea Tonetti, Studio Manzoni, Milan.<\/p>\n\n<p>2022 \u2013 <strong><em>Splendore<\/em><\/strong>, live music for the Butoh performance by Kea Tonetti, presented at: Amsterdam Butoh Festival (2022); Hybrid Butoh Festival, Vienna (2022); Helsinki Butoh Festival (2023); Festival Miniature, Ruvo di Puglia (BA) \u2013 IT (2023); Festival International Danse Butoh, Valence \u2013 FR (2024); Festival Sol de Sabba, Bosa (OR) \u2013 IT (2024); \u201cLe Voci dell&#8217;Anima\u201d Festival, Rimini (2024); Teatro Republika Sztuki T\u0142usta Langusta, Poznan \u2013 PL (2025).<\/p>\n\n<p>2022 \u2013 <strong><em>Umano. Troppo umano?<\/em><\/strong>, live music for the Butoh performance by Marek Jason Isleib, Perego Libri Bookshop \u2013 Fuoritraccia, Barzan\u00f2 (LC) \u2013 IT.<\/p>\n\n<p>2021 \u2013 Live music for the Butoh performance by Marek Jason Isleib, for the inauguration of the Zen garden in Piazza Piola in Milan dedicated to Teresa Pomodoro, a project promoted by Teatro No\u2019hma and the Municipality of Milan. <\/p>\n\n<p>2020 \u2013 <strong><em>Strata<\/em><\/strong>, live music for the group Butoh performance directed by Joan Laage, with Kea Tonetti, Maruska Ronchi, Elisa Tagliati, Gauri Silvia Fontana, Mariagiulia Leuzzi, Marco Casiraghi, Veronica Vetrila, Ricardo Sarmiento Mu\u00f1oz, Aeryn Rock, Sala Alma Ros\u00e8 \u2013 Artepassante, Milan.<\/p>\n\n<p>2019 \u2013 <strong><em>Mono<\/em><\/strong>, live music for the Butoh performance by Kea Tonetti, presented at: Kulturraum Rosenhof Festival, Tegernau \u2013 GER (2019); Sommerwerft Festival, Frankfurt (2019); Amsterdam Butoh Festival, Munganga Theater, Amsterdam (2020); \u201cLe Voci dell&#8217;Anima\u201d Festival, Rimini (2021), where he received the organization\u2019s award assigned by the artistic direction.<\/p>\n\n<p>2019\u00a0\u2013 <strong><em>Remnants Project<\/em><\/strong>, live music for the group Butoh performance directed by Joan Laage, with Kea Tonetti, Elisa Tagliati, Mariagiulia Leuzzi, Ricardo Sarmiento Mu\u00f1oz, Marco Casiraghi. Music, Spazio Continuum, Milan.<\/p>\n\n<p>2018 \u2013 <strong><em>Tasogare<\/em><\/strong>, live music in collaboration with Hiroko Komiya for the Butoh performance by Kea Tonetti and Atsushi Takenouchi, The Art Land, Fabbrica del Vapore, Milan.<\/p>\n\n<p>2018 \u2013 <strong><em>Amor<\/em><\/strong>, live music for the Butoh performance by Kea Tonetti, presented at: Spazio Continuum, Milan (2018); H\u00e1rom Holl\u00f3, Budapest (2018); Hortus Conclusus Festival, Novi Ligure (AL) \u2013 IT (2018); \u201cHaru No Kaze\u201d Festival, Teatro Comunale, Vicenza (2019).<\/p>\n\n<p>2016 \u2013 <strong><em>\u0100tman<\/em><\/strong>, live music for the Butoh performance by Kea Tonetti, presented at: \u201cLa voce del corpo\u201d Festival, Osnago (LC) \u2013 IT (2016); \u201cThe Living Art\u201d Festival, Spazio Shed, Schio (VI) \u2013 IT (2016); \u201cHors Lits\u201d Festival, Venice (2016); \u201cHaru No Kaze\u201d Festival, Teatro Comunale, Vicenza (2017); Most Center, Odessa \u2013 UKR (2017); \u201cLe Voci dell&#8217;Anima\u201d Festival, Rimini (2018).<\/p>\n\n<p>2016 \u2013 <strong><em>Ma to Ma<\/em><\/strong>, live music in collaboration with Hiroko Komiya for the Butoh performance by Kea Tonetti and Atsushi Takenouchi, Spazio Continuum, Milan.<\/p>\n\n<p>2016 \u2013 <strong><em>Dunkelspiegel<\/em><\/strong>, live music for the Butoh performance by Kea Tonetti and Marek Jason Isleib, Art Action Festival, Monza.<\/p>\n\n<p>2015 \u2013 <strong><em>Notte sacra<\/em><\/strong>, live music in collaboration with Hiroko Komiya for the Butoh performance by Kea Tonetti and Atsushi Takenouchi, Macao, Milan.<\/p>\n\n<p>2015 \u2013 <strong><em>White-hot<\/em><\/strong>, live music for the Butoh performance by Kea Tonetti, presented at: Pontedera Butoh Festival (2015); \u201cBehind the Movement\u201d, event at Loophole, Berlin (2015); Stems Festival Migratorio des Artes, Barcelona (2015); Jur\u00e1nyi Art Incubator House, Budapest (2015); Teatr Novyy Balet, Moscow (2016); One Theater, Krasnodar \u2013 RU (2016).<\/p>\n\n<p>2015 \u2013 <strong><em>Hana<\/em><\/strong>, music for the choreography by Kea Tonetti created for the dancers of the \u201cVinculation\u201d company directed by Isabel Beteta, Centro Cultural Los Tailleres, Mexico City.<\/p>\n\n<p>2014 \u2013 <strong><em>Hana no inochi<\/em><\/strong>: Life of the flower, live music in collaboration with Hiroko Komiya for the Butoh performance with Kea Tonetti and Atsushi Takenouchi, Spazio Tadini, Milan.<\/p>\n\n<p>2014 \u2013 <strong><em>Butoh improvisation<\/em><\/strong>, live music on the dance by Kea Tonetti, \u201cButoh Off\u201d Festival, Basel.<\/p>\n\n<p>2014 \u2013 <strong><em>Kha<\/em><\/strong>, live music for the Butoh performance by Kea Tonetti, M\u0171vel\u0151d\u00e9si Szint-M\u00fcszi, Budapest.<\/p>\n\n<p>2013 \u2013 <strong><em>Yo soy Azul<\/em><\/strong>, live music for the Butoh performance by Kea Tonetti, presented at: Kulturraum Rosenhof Festival, Tegernau \u2013 GER (2013); Jur\u00e1nyi Art Incubator House, Budapest (2013); One Theatre, Krasnodar \u2013 RU (2014); Evolutive dance festival \u201cBehind the movement\u201d, Acud Kunsthaus, Berlin (2014); Brotfabrik, Berlin (2014); Brady Arts Centre, London (2014); Un Teatro Centro Cultural, Mexico City (2014); Festival \u201cGrandezza Naturale\u201d \u2013 Fuoritraccia, Oggiono (LC) \u2013 IT (2014); Moving Bodies Butoh Festival, Bologna (2014); Festival Solliloquios y dialogos bailado, Teatro Los Tailleres, Mexico City (2015); \u201cIn Butoh #3 Les racines du mouvement\u201d, Th\u00e9\u00e2tre Le Gai Savoir, Lyon (2015); Espai 30, Barcelona (2016).<\/p>\n\n<p>2013 \u2013 <strong><em>Mothersea<\/em><\/strong>, live music for the Butoh performance by Kea Tonetti, for the installation \u201cThe plastic side of the sea,\u201d Straf Hotel, Milan.<\/p>\n\n<p>2013 \u2013 <strong><em>Utsusemi<\/em><\/strong>, live music for the Butoh performance by Kea Tonetti, \u201cLa voce del corpo\u201d Festival, Osnago (LC) \u2013 IT.<\/p>\n\n<p>2012 \u2013 <strong><em>Enth\u00fcllt<\/em><\/strong>, the flower garden, live music in collaboration with Ogam Fabio Malizia, for the performance by Kea Tonetti and Shaiba Vincenzo Geddo, presented at: Kulturraum Rosenhof Festival, Tegernau \u2013 GER (2012); Werkraum Sch\u00f6pflin, L\u00f6rrach \u2013 GER (2012).<\/p>\n\n<p>2012 \u2013 <strong><em>Utsusemi<\/em><\/strong>, live music in collaboration with Ogam Fabio Malizia, for the performance by Kea Tonetti and Noh Theater Master Monique Arnaud, Centro Alik Cavaliere, Milan.<\/p>\n\n<p>2012 \u2013 <strong><em>E se l\u2019arte<\/em><\/strong>, group exhibition curated by Stefano Vitali, Galleria Avanguardia Antiquaria, Milan.<\/p>\n\n<p>2010 \u2013 <strong><em>Wu<\/em><\/strong>, live music for the Butoh performance by Kea Tonetti, presented at: Kulturraum Rosenhof Festival, Tegernau \u2013 GER (2010); Trace Becoming Art, Perypezye Urbane, Studio 28, Milan (2010); PAF Performing Art Festival, Meina (NO) \u2013 IT (2011).<\/p>\n\n<p>2009 \u2013 <strong><em>Space is body<\/em><\/strong>, live music in collaboration with Ogam Fabio Malizia, for the performance by Kea Tonetti and Yuko Ota, Spazio Continuum, Milan.<\/p>\n\n<p>2009 \u2013 <strong><em>Shishigami, Spirito della foresta<\/em><\/strong>, live music for the Butoh performance by Kea Tonetti, presented at: Kulturraum Rosenhof Festival, Tegernau \u2013 GER (2009); Spazio Nu, Pontedera (2009); Sconfinando Sarzana Festival, Sarzana (SP) \u2013 IT (2010); Teatro la Scala della Vita, Milan (2010); Dojo Sheegana, Milan (2010); Eco-Art Festival, Asti (2011).<\/p>\n\n<p>2009 \u2013 <strong><em>La veglia di Venere<\/em><\/strong>, music for the video art project, directed by Alessandra Pescetta.<\/p>\n\n<p>2008 \u2013 <strong><em>Memoire d\u2019eau<\/em><\/strong>, live music for the Butoh performance by Kea Tonetti, Spazio Spirale Ex Richard Ginori, \u201cFuori Salone\u201d event, Milan.<\/p>\n\n<p>2008 \u2013 <strong><em>Omoshiroi<\/em><\/strong>, live music in collaboration with Davide Livornese, Ogam Fabio Malizia, and Rumi Pascal Marino, for the performance by Kea Tonetti, Studio Novi, Milan.<\/p>\n\n<p>2008 \u2013 He founded <strong>CompagniaKha<\/strong> with Kea Tonetti, for which he creates the music for performances, also collaborating with other musicians and dancers.<\/p>\n\n<p>2008 \u2013 <strong><em>Muro di carta<\/em><\/strong>, installation for \u201cE-vento1 HY\u201d in collaboration with Enya Idda, Artandgallery, Milan.<\/p>\n\n<p>2007 \u2013 <strong><em>Ador-azione<\/em><\/strong>, interactive performance of music and painting, Studio D\u2019Ars, Milan.<\/p>\n\n<p>2007 \u2013 <strong><em>La ballata dei mesi<\/em><\/strong>, group exhibition curated by Cinzia Bollino Bossi, Galleria degli artisti, Milan.<\/p>\n\n<p>2007 \u2013 <strong><em>Oriamo<\/em><\/strong>, group exhibition curated by Grazia Chiesa, Studio D\u2019Ars, Milan.<\/p>\n\n<p>2007 \u2013 <strong><em>Oriamo<\/em><\/strong>, group exhibition curated by Grazia Chiesa, Galleria Novecolonne, Bologna.<\/p>\n\n<p>2007 \u2013 <strong><em>A proposito di angeli<\/em><\/strong>, group exhibition curated by Cinzia Bollino Bossi and Raffaella Losapio, Studio.ra contemporanea, Rome.<\/p>\n\n<p>2006 \u2013 <strong><em>Frammenti di corpo<\/em><\/strong>, group exhibition curated by Marco Cadioli, \u201cRisvegli\u201d School of Art Therapy, Milan.<\/p>\n\n<p>2005 \u2013 <strong><em>Arteallaria<\/em><\/strong>, group exhibition curated by Anna Rodolfi and Lorenzo Argentino, Circolo Bertolt Brecht, Milan.<\/p>\n\n<p>2004 \u2013 <strong><em>Il critico nella citt\u00e0 sopravvissuta<\/em><\/strong>, exhibition on Giovanni Testori curated by Cinzia Bollino Bossi, Sassetti Cultura, Milan.<\/p>\n\n<p>2004 \u2013 <strong><em>Arteallaria<\/em><\/strong>, group exhibition curated by Cinzia Bollino Bossi and Lorenzo Argentino, Loggia dei Mercanti, Milan.<\/p>\n\n<p>2004 \u2013 <strong><em>Di Segni in Forme<\/em><\/strong>, group exhibition curated by Cinzia Bollino Bossi and Giovanni Cerri, Cascina Roma, San Donato (MI) \u2013 IT. <\/p>\n\n<p>2003 \u2013 <strong><em>Nuove Proposte<\/em><\/strong>, group exhibition curated by Giovanni Cerri, Galleria Cortina, Milan.<\/p>\n\n<p>2003 \u2013 <strong><em>Divergenze Parallele<\/em><\/strong>, group exhibition curated by Giovanni Cerri, Circolo Bertolt Brecht, Milan.<\/p>\n\n<p>2002 \u2013 <strong><em>Mass-Construction<\/em><\/strong>, dance, music, poetry, acting, and painting performance, with Lorenzo Sanguedolce, Carlo Garofalo, Tivitavi, Sabina Villa, Kea Tonetti, and Antonella Dell\u2019Ara, Circolo Parvus, Milan.<\/p>\n\n<p>2002 \u2013 <strong><em>Parole e immagini<\/em><\/strong>, group exhibition of poetry and painting curated by Giovanni Cerri and Archivi del \u2018900, Church of San Paolo Converso, Milan.<\/p>\n\n<p>2001 \u2013 <strong><em>Arte in tasca<\/em><\/strong>, group exhibition curated by Gaetano Fracassio, Annotazioni d\u2019Arte, Milan.<\/p>\n\n<p>2000 \u2013 <strong><em>Ricordi<\/em><\/strong>, group exhibition curated by Nives Pala, Geisser Library, Turin.<\/p>\n\n<p>1998 \u2013 <strong><em>I Porti di Mannin<\/em><\/strong>, engraving competition, drypoint works, curated by Pino Mantovani, Galleria Masoero, Turin.<\/p>\n\n<p><\/p>\n","protected":false},"excerpt":{"rendered":"<p>Sound artist, painter, sound massage therapist, and yoga teacher. Sound, body, and image are the fundamental elements of his artistic and spiritual research. He lives and works in Milan. During his childhood, he had his first experiences with music education and creativity; as a teenager, he continued his studies in classical piano. Between 1985 and [&hellip;]<\/p>\n","protected":false},"author":1,"featured_media":0,"parent":0,"menu_order":0,"comment_status":"closed","ping_status":"closed","template":"","meta":{"footnotes":""},"class_list":["post-3997","page","type-page","status-publish","hentry"],"_links":{"self":[{"href":"https:\/\/compagniakha.it\/en\/wp-json\/wp\/v2\/pages\/3997","targetHints":{"allow":["GET"]}}],"collection":[{"href":"https:\/\/compagniakha.it\/en\/wp-json\/wp\/v2\/pages"}],"about":[{"href":"https:\/\/compagniakha.it\/en\/wp-json\/wp\/v2\/types\/page"}],"author":[{"embeddable":true,"href":"https:\/\/compagniakha.it\/en\/wp-json\/wp\/v2\/users\/1"}],"replies":[{"embeddable":true,"href":"https:\/\/compagniakha.it\/en\/wp-json\/wp\/v2\/comments?post=3997"}],"version-history":[{"count":3,"href":"https:\/\/compagniakha.it\/en\/wp-json\/wp\/v2\/pages\/3997\/revisions"}],"predecessor-version":[{"id":4005,"href":"https:\/\/compagniakha.it\/en\/wp-json\/wp\/v2\/pages\/3997\/revisions\/4005"}],"wp:attachment":[{"href":"https:\/\/compagniakha.it\/en\/wp-json\/wp\/v2\/media?parent=3997"}],"curies":[{"name":"wp","href":"https:\/\/api.w.org\/{rel}","templated":true}]}}